{"id":3765,"date":"2022-12-06T08:45:07","date_gmt":"2022-12-06T07:45:07","guid":{"rendered":"https:\/\/pharex.sk\/ochrana-osobnych-udajov\/"},"modified":"2024-12-11T16:21:25","modified_gmt":"2024-12-11T15:21:25","slug":"data-protection","status":"publish","type":"page","link":"https:\/\/pharex.sk\/en\/data-protection\/","title":{"rendered":"Data Protection"},"content":{"rendered":"\t\t<div data-elementor-type=\"wp-page\" data-elementor-id=\"3765\" class=\"elementor elementor-3765 elementor-1678\" data-elementor-post-type=\"page\">\n\t\t\t\t\t\t<section class=\"elementor-section elementor-top-section elementor-element elementor-element-fd1f678 elementor-section-full_width elementor-section-height-default elementor-section-height-default\" data-id=\"fd1f678\" data-element_type=\"section\" data-settings=\"{&quot;_ha_eqh_enable&quot;:false}\">\n\t\t\t\t\t\t<div class=\"elementor-container elementor-column-gap-no\">\n\t\t\t\t\t<div class=\"elementor-column elementor-col-100 elementor-top-column elementor-element elementor-element-800011a\" data-id=\"800011a\" data-element_type=\"column\">\n\t\t\t<div class=\"elementor-widget-wrap elementor-element-populated\">\n\t\t\t\t\t\t<div class=\"elementor-element elementor-element-cf6653a elementor-widget elementor-widget-text-editor\" data-id=\"cf6653a\" data-element_type=\"widget\" data-widget_type=\"text-editor.default\">\n\t\t\t\t<div class=\"elementor-widget-container\">\n\t\t\t<style>\/*! elementor - v3.20.0 - 26-03-2024 *\/\n.elementor-widget-text-editor.elementor-drop-cap-view-stacked .elementor-drop-cap{background-color:#69727d;color:#fff}.elementor-widget-text-editor.elementor-drop-cap-view-framed .elementor-drop-cap{color:#69727d;border:3px solid;background-color:transparent}.elementor-widget-text-editor:not(.elementor-drop-cap-view-default) .elementor-drop-cap{margin-top:8px}.elementor-widget-text-editor:not(.elementor-drop-cap-view-default) .elementor-drop-cap-letter{width:1em;height:1em}.elementor-widget-text-editor .elementor-drop-cap{float:left;text-align:center;line-height:1;font-size:50px}.elementor-widget-text-editor .elementor-drop-cap-letter{display:inline-block}<\/style>\t\t\t\t\t\t<div data-elementor-type=\"section\" data-elementor-id=\"3568\" class=\"elementor elementor-3568 elementor-218\" data-elementor-post-type=\"elementor_library\">\n\t\t\t\t\t<section data-dce-background-overlay-color=\"#2D303D80\" data-dce-background-image-url=\"https:\/\/pharex.sk\/wp-content\/uploads\/2023\/03\/o-nas-title-bg.jpg\" class=\"elementor-section elementor-top-section elementor-element elementor-element-c088a45 elementor-section-boxed elementor-section-height-default elementor-section-height-default\" data-id=\"c088a45\" data-element_type=\"section\" data-settings=\"{&quot;background_background&quot;:&quot;classic&quot;,&quot;_ha_eqh_enable&quot;:false}\">\n\t\t\t\t\t\t\t<div class=\"elementor-background-overlay\"><\/div>\n\t\t\t\t\t\t\t<div class=\"elementor-container elementor-column-gap-default\">\n\t\t\t\t\t<div class=\"elementor-column elementor-col-50 elementor-top-column elementor-element elementor-element-d0afce8\" data-id=\"d0afce8\" data-element_type=\"column\">\n\t\t\t<div class=\"elementor-widget-wrap elementor-element-populated\">\n\t\t\t\t\t\t<div data-dce-background-color=\"#2D303D\" class=\"elementor-element elementor-element-b52c3d5 elementor-align-left elementor-mobile-align-center elementor-widget elementor-widget-button\" data-id=\"b52c3d5\" data-element_type=\"widget\" data-widget_type=\"button.default\">\n\t\t\t\t<div class=\"elementor-widget-container\">\n\t\t\t\t\t<div class=\"elementor-button-wrapper\">\n\t\t\t<a class=\"elementor-button elementor-size-sm\" role=\"button\">\n\t\t\t\t\t\t<span class=\"elementor-button-content-wrapper\">\n\t\t\t\t\t\t<span class=\"elementor-button-text\">since 2008<\/span>\n\t\t<\/span>\n\t\t\t\t\t<\/a>\n\t\t<\/div>\n\t\t\t\t<\/div>\n\t\t\t\t<\/div>\n\t\t\t\t<div class=\"elementor-element elementor-element-b35aa8e elementor-widget elementor-widget-heading\" data-id=\"b35aa8e\" data-element_type=\"widget\" data-widget_type=\"heading.default\">\n\t\t\t\t<div class=\"elementor-widget-container\">\n\t\t\t<style>\/*! elementor - v3.20.0 - 26-03-2024 *\/\n.elementor-heading-title{padding:0;margin:0;line-height:1}.elementor-widget-heading .elementor-heading-title[class*=elementor-size-]>a{color:inherit;font-size:inherit;line-height:inherit}.elementor-widget-heading .elementor-heading-title.elementor-size-small{font-size:15px}.elementor-widget-heading .elementor-heading-title.elementor-size-medium{font-size:19px}.elementor-widget-heading .elementor-heading-title.elementor-size-large{font-size:29px}.elementor-widget-heading .elementor-heading-title.elementor-size-xl{font-size:39px}.elementor-widget-heading .elementor-heading-title.elementor-size-xxl{font-size:59px}<\/style><h2 class=\"elementor-heading-title elementor-size-default\">pharex<\/h2>\t\t<\/div>\n\t\t\t\t<\/div>\n\t\t\t\t\t<\/div>\n\t\t<\/div>\n\t\t\t\t<div class=\"elementor-column elementor-col-50 elementor-top-column elementor-element elementor-element-38aba38\" data-id=\"38aba38\" data-element_type=\"column\">\n\t\t\t<div class=\"elementor-widget-wrap elementor-element-populated\">\n\t\t\t\t\t\t<div data-dce-background-color=\"#E30016\" class=\"elementor-element elementor-element-ba3a009 elementor-align-justify elementor-widget elementor-widget-button\" data-id=\"ba3a009\" data-element_type=\"widget\" data-settings=\"{&quot;enabled_visibility&quot;:&quot;yes&quot;,&quot;dce_visibility_selected&quot;:&quot;hide&quot;}\" data-widget_type=\"button.default\">\n\t\t\t\t<div class=\"elementor-widget-container\">\n\t\t\t\t\t<div class=\"elementor-button-wrapper\">\n\t\t\t<a class=\"elementor-button elementor-size-sm\" role=\"button\">\n\t\t\t\t\t\t<span class=\"elementor-button-content-wrapper\">\n\t\t\t\t\t\t<span class=\"elementor-button-text\">Your Distributor of Pharmaceutical Products  and Medical Devices<\/span>\n\t\t<\/span>\n\t\t\t\t\t<\/a>\n\t\t<\/div>\n\t\t\t\t<\/div>\n\t\t\t\t<\/div>\n\t\t\t\t\t<\/div>\n\t\t<\/div>\n\t\t\t\t\t<\/div>\n\t\t<\/section>\n\t\t\t\t<section class=\"elementor-section elementor-top-section elementor-element elementor-element-f033e68 elementor-section-boxed elementor-section-height-default elementor-section-height-default\" data-id=\"f033e68\" data-element_type=\"section\" data-settings=\"{&quot;_ha_eqh_enable&quot;:false}\">\n\t\t\t\t\t\t<div class=\"elementor-container elementor-column-gap-default\">\n\t\t\t\t\t<div class=\"elementor-column elementor-col-100 elementor-top-column elementor-element elementor-element-28cdca5\" data-id=\"28cdca5\" data-element_type=\"column\">\n\t\t\t<div class=\"elementor-widget-wrap\">\n\t\t\t\t\t\t\t<\/div>\n\t\t<\/div>\n\t\t\t\t\t<\/div>\n\t\t<\/section>\n\t\t\t\t<\/div>\n\t\t\t\t\t\t\t\t<\/div>\n\t\t\t\t<\/div>\n\t\t\t\t\t<\/div>\n\t\t<\/div>\n\t\t\t\t\t<\/div>\n\t\t<\/section>\n\t\t\t\t<section data-dce-background-color=\"#EFFFFF\" class=\"elementor-section elementor-top-section elementor-element elementor-element-6786b18 elementor-section-boxed elementor-section-height-default elementor-section-height-default\" data-id=\"6786b18\" data-element_type=\"section\" data-settings=\"{&quot;background_background&quot;:&quot;classic&quot;,&quot;_ha_eqh_enable&quot;:false}\">\n\t\t\t\t\t\t<div class=\"elementor-container elementor-column-gap-default\">\n\t\t\t\t\t<div data-dce-background-color=\"#FFFFFF\" class=\"elementor-column elementor-col-100 elementor-top-column elementor-element elementor-element-37b8ab2\" data-id=\"37b8ab2\" data-element_type=\"column\" data-settings=\"{&quot;background_background&quot;:&quot;classic&quot;}\">\n\t\t\t<div class=\"elementor-widget-wrap elementor-element-populated\">\n\t\t\t\t\t\t<div class=\"elementor-element elementor-element-55f0112 elementor-widget elementor-widget-heading\" data-id=\"55f0112\" data-element_type=\"widget\" data-widget_type=\"heading.default\">\n\t\t\t\t<div class=\"elementor-widget-container\">\n\t\t\t<h2 class=\"elementor-heading-title elementor-size-default\">\u00da\u010del sprac\u00favania osobn\u00fdch \u00fadajov marketing (s\u00fahlas)<\/h2>\t\t<\/div>\n\t\t\t\t<\/div>\n\t\t\t\t<section class=\"elementor-section elementor-inner-section elementor-element elementor-element-b46cefc elementor-section-boxed elementor-section-height-default elementor-section-height-default\" data-id=\"b46cefc\" data-element_type=\"section\" data-settings=\"{&quot;_ha_eqh_enable&quot;:false}\">\n\t\t\t\t\t\t<div class=\"elementor-container elementor-column-gap-default\">\n\t\t\t\t\t<div class=\"elementor-column elementor-col-100 elementor-inner-column elementor-element elementor-element-01b4550\" data-id=\"01b4550\" data-element_type=\"column\">\n\t\t\t<div class=\"elementor-widget-wrap\">\n\t\t\t\t\t\t\t<\/div>\n\t\t<\/div>\n\t\t\t\t\t<\/div>\n\t\t<\/section>\n\t\t\t\t<div class=\"elementor-element elementor-element-52ce2fc elementor-widget elementor-widget-text-editor\" data-id=\"52ce2fc\" data-element_type=\"widget\" data-widget_type=\"text-editor.default\">\n\t\t\t\t<div class=\"elementor-widget-container\">\n\t\t\t\t\t\t\t<p><strong>1. \u00da\u010del sprac\u00favania osobn\u00fdch \u00fadajov:<\/strong><\/p><p>Osobn\u00e9 \u00fadaje sa sprac\u00favaj\u00fa za \u00fa\u010delom zasielania obchodn\u00fdch pon\u00fak, ktor\u00fdch \u00fa\u010delom je (napr\u00edklad) informovanie z\u00e1kazn\u00edka o novom tovare a slu\u017eb\u00e1ch prev\u00e1dzkovate\u013ea s cie\u013eom podpori\u0165 ich predajnos\u0165. Obchodn\u00e9 ponuky s\u00fa zasielan\u00e9 dotknut\u00fdm osob\u00e1m, ktor\u00e9 prev\u00e1dzkovate\u013eovi udelili svoj s\u00fahlas.<\/p><p><strong>2. Z\u00e1konnos\u0165 sprac\u00favania osobn\u00fdch \u00fadajov:<\/strong><br \/>Osobn\u00e9 \u00fadaje sa sprac\u00favaj\u00fa na z\u00e1klade \u010dl\u00e1nku 6 ods. 1 p\u00edsm. a) Nariadenia Eur\u00f3pskeho Parlamentu a Rady (E\u00da) 2016\/679 o ochrane fyzick\u00fdch os\u00f4b pri sprac\u00favan\u00ed osobn\u00fdch \u00fadajov a o vo\u013enom pohybe tak\u00fdchto \u00fadajov, ktor\u00fdm sa zru\u0161uje smernica 95\/46\/ES (v\u0161eobecn\u00e9 nariadenie o ochrane \u00fadajov).<\/p><p><strong>3. Z\u00e1konn\u00e1 povinnos\u0165 sprac\u00favania osobn\u00fdch \u00fadajov:<\/strong><br \/>Sprac\u00favanie osobn\u00fdch \u00fadajov na z\u00e1klade osobit\u00e9ho pr\u00e1vneho predpisu sa nevykon\u00e1va.<\/p><p><strong>4. Zoznam osobn\u00fdch \u00fadajov:<\/strong><br \/>Osobn\u00e9 \u00fadaje sa sprac\u00favaj\u00fa v nasledovnom rozsahu: emailov\u00e1 adresa.<\/p><p><strong>5. Dotknut\u00e9 osoby:<\/strong><br \/>Dotknut\u00fdmi osobami s\u00fa osoby, ktor\u00e9 udelili prev\u00e1dzkovate\u013eovi s\u00fahlas so zasielan\u00edm obchodn\u00fdch (marketingov\u00fdch) pon\u00fak.<\/p><p><strong>6. Lehoty ulo\u017eenia osobn\u00fdch \u00fadajov:<\/strong><br \/>Osobn\u00e9 \u00fadaje sa sprac\u00favaj\u00fa a\u017e do odvolania s\u00fahlasu, maxim\u00e1lne v\u0161ak po dobu 5 rokov od jeho udelenia.<\/p><p><strong>7. Opr\u00e1vnen\u00fd z\u00e1ujem prev\u00e1dzkovate\u013ea:<\/strong><br \/>Sprac\u00favanie osobn\u00fdch \u00fadajov za \u00fa\u010delom opr\u00e1vnen\u00fdch z\u00e1ujmov prev\u00e1dzkovate\u013ea sa nevykon\u00e1va.<\/p><p><strong>8. Postup osobn\u00fdch \u00fadajov do tret\u00edch kraj\u00edn:<\/strong><br \/>Osobn\u00e9 \u00fadaje sa do tret\u00edch kraj\u00edn neposkytuj\u00fa.<\/p><p><strong>9. Technick\u00e9 a organiza\u010dn\u00e9 bezpe\u010dnostn\u00e9 opatrenia:<\/strong><br \/>Organiza\u010dn\u00e9 a technick\u00e9 opatrenia na ochranu osobn\u00fdch \u00fadajov s\u00fa spracovan\u00e9 v intern\u00fdch predpisoch prev\u00e1dzkovate\u013ea. Bezpe\u010dnostn\u00e9 opatrenia s\u00fa vykon\u00e1van\u00e9 v oblastiach fyzickej a objektovej bezpe\u010dnosti, informa\u010dnej bezpe\u010dnosti, \u0161ifrovej ochrany inform\u00e1ci\u00ed, person\u00e1lnej, administrat\u00edvnej bezpe\u010dnosti a ochrany citliv\u00fdch inform\u00e1ci\u00ed, s presne definovan\u00fdmi pr\u00e1vomocami a povinnos\u0165ami uveden\u00fdmi v bezpe\u010dnostnej politike.<\/p><p><b>D\u00d4LE\u017dIT\u00c9 UPOZORNENIE:<\/b><span style=\"font-weight: 400;\">\u00a0tento dokument podlieha pr\u00e1vnej ochrane, je du\u0161evn\u00fdm vlastn\u00edctvom spolo\u010dnosti skupiny Top privacy s.r.o. Ka\u017ed\u00e9 pou\u017eitie tohto dokumentu sa spravuje licen\u010dn\u00fdmi podmienkami, ktor\u00e9 s\u00fa dostupn\u00e9 na:\u00a0<\/span><a href=\"https:\/\/topprivacy.sk\/licencne-podmienky.pdf\" target=\"_blank\" rel=\"noopener\"><span style=\"font-weight: 400;\">https:\/\/topprivacy.sk\/licencne-podmienky.pdf<\/span><\/a><\/p><p><strong>10. Kateg\u00f3ria osobn\u00fdch \u00fadajov.<\/strong><br \/>Be\u017en\u00e9 osobn\u00e9 \u00fadaje.<\/p><p><strong>11. Zverej\u0148ovanie osobn\u00fdch \u00fadajov:<\/strong><br \/>Osobn\u00e9 \u00fadaje sa nezverej\u0148uj\u00fa.<\/p><p><strong>12. Automatizovan\u00e9 individu\u00e1lne rozhodovanie a profilovanie:<\/strong><br \/>Pri sprac\u00favan\u00ed osobn\u00fdch \u00fadajov na vy\u0161\u0161ie spomenut\u00e9 \u00fa\u010dely nedoch\u00e1dza k automatizovan\u00e9mu individu\u00e1lnemu rozhodovaniu a profilovaniu.<\/p><p><strong>13. In\u00fd opr\u00e1vnen\u00fd subjekt:<\/strong><br \/>In\u00fd opr\u00e1vnen\u00fd subjekt<br \/>Pr\u00e1vny z\u00e1klad<br \/>Rozsah osobn\u00fdch \u00fadajov postupovan\u00fd tretej strane<br \/>Org\u00e1ny verejnej moci<br \/>Org\u00e1ny verejnej moci, ktor\u00e9 m\u00f4\u017eu prija\u0165 osobn\u00e9 \u00fadaje v r\u00e1mci konkr\u00e9tneho zis\u0165ovania v s\u00falade s pr\u00e1vom \u00danie alebo pr\u00e1vom \u010dlensk\u00e9ho \u0161t\u00e1tu, sa v\u0161ak nepova\u017euj\u00fa za pr\u00edjemcov; sprac\u00favanie uveden\u00fdch \u00fadajov uveden\u00fdmi org\u00e1nmi verejnej moci sa uskuto\u010d\u0148uje v s\u00falade s uplatnite\u013en\u00fdmi pravidlami ochrany \u00fadajov v z\u00e1vislosti od \u00fa\u010delov sprac\u00favania.<br \/>Osobn\u00e9 \u00fadaje v rozsahu vy\u017eiadania od opr\u00e1vnen\u00e9ho subjektu (napr. Pol\u00edcia v r\u00e1mci vy\u0161etrovania priestupkov alebo trestn\u00fdch \u010dinov)<\/p><p><strong>14. Pr\u00e1va dotknutej osoby<\/strong><br \/>Dotknut\u00e1 osoba m\u00e1 pr\u00e1vo po\u017eadova\u0165 od prev\u00e1dzkovate\u013ea pr\u00edstup k osobn\u00fdm \u00fadajom, ktor\u00e9 s\u00fa o nej sprac\u00favan\u00e9, m\u00e1 pr\u00e1vo na opravu osobn\u00fdch \u00fadajov, pr\u00e1vo na vymazanie, alebo obmedzenie sprac\u00favania osobn\u00fdch \u00fadajov, pr\u00e1vo namieta\u0165 vo\u010di sprac\u00favaniu osobn\u00fdch \u00fadajov, pr\u00e1vo na ne\u00fa\u010dinnos\u0165 automatizovan\u00e9ho individu\u00e1lneho rozhodovania vr\u00e1tane profilovania, pr\u00e1vo na prenosnos\u0165 osobn\u00fdch \u00fadajov, ako aj pr\u00e1vo poda\u0165 n\u00e1vrh na za\u010datie konania dozorn\u00e9mu org\u00e1nu. V pr\u00edpade ak prev\u00e1dzkovate\u013e sprac\u00fava osobn\u00e9 \u00fadaje na z\u00e1klade s\u00fahlasu dotknutej osoby, dotknut\u00e1 osoba m\u00e1 pr\u00e1vo kedyko\u013evek svoj s\u00fahlas so sprac\u00favan\u00edm osobn\u00fdch \u00fadajov odvola\u0165. Odvolanie s\u00fahlasu nem\u00e1 vplyv na z\u00e1konnos\u0165 sprac\u00favania osobn\u00fdch \u00fadajov zalo\u017een\u00e9ho na s\u00fahlase pred jeho odvolan\u00edm. Dotknut\u00e1 osoba m\u00f4\u017ee uplatni\u0165 svoje pr\u00e1va zaslan\u00edm emailu na adresu prev\u00e1dzkovate\u013ea, alebo p\u00edsomne na adresu prev\u00e1dzkovate\u013ea. Vybavovanie pr\u00e1v dotknut\u00fdch os\u00f4b sa zabezpe\u010duje individu\u00e1lne prostredn\u00edctvom zodpovednej osoby (osoby ur\u010denej prev\u00e1dzkovate\u013eom).<\/p><p><strong>D\u00d4LE\u017dIT\u00c9 UPOZORNENIE:<\/strong> tento dokument podlieha pr\u00e1vnej ochrane, je du\u0161evn\u00fdm vlastn\u00edctvom spolo\u010dnosti skupiny Top privacy s.r.o. Ka\u017ed\u00e9 pou\u017eitie tohto dokumentu sa spravuje licen\u010dn\u00fdmi podmienkami, ktor\u00e9 s\u00fa dostupn\u00e9 na: https:\/\/topprivacy.sk\/licencne-podmienky.pdf<\/p>\t\t\t\t\t\t<\/div>\n\t\t\t\t<\/div>\n\t\t\t\t<div class=\"elementor-element elementor-element-94c5d18 elementor-widget elementor-widget-heading\" data-id=\"94c5d18\" data-element_type=\"widget\" id=\"kontaktny-formular\" data-widget_type=\"heading.default\">\n\t\t\t\t<div class=\"elementor-widget-container\">\n\t\t\t<h2 class=\"elementor-heading-title elementor-size-default\">\u00da\u010del spracovania osobn\u00fdch \u00fadajov kontaktn\u00fd formul\u00e1r<\/h2>\t\t<\/div>\n\t\t\t\t<\/div>\n\t\t\t\t<div class=\"elementor-element elementor-element-efd17b1 elementor-widget elementor-widget-text-editor\" data-id=\"efd17b1\" data-element_type=\"widget\" data-widget_type=\"text-editor.default\">\n\t\t\t\t<div class=\"elementor-widget-container\">\n\t\t\t\t\t\t\t<p><strong><span style=\"font-size: 16px; color: var( --e-global-color-text );\">1. \u00da\u010del sprac\u00favania osobn\u00fdch \u00fadajov:<\/span><\/strong><\/p><p>\u00da\u010delom sprac\u00favania osobn\u00fdch \u00fadajov je reagova\u0165 na ot\u00e1zky v r\u00e1mci kontaktn\u00e9ho formul\u00e1ra.<\/p><p><strong>2. Z\u00e1konnos\u0165 sprac\u00favania osobn\u00fdch \u00fadajov:<\/strong><br \/>Osobn\u00e9 \u00fadaje sa spracov\u00e1vaj\u00fa na z\u00e1klade \u010dl\u00e1nku 6 ods. 1 p\u00edsm. f) Nariadenia Eur\u00f3pskeho Parlamentu a Rady (E\u00da) 2016\/679 o ochrane fyzick\u00fdch os\u00f4b pri sprac\u00favan\u00ed osobn\u00fdch \u00fadajov a o vo\u013enom pohybe tak\u00fdchto \u00fadajov, ktor\u00fdm sa zru\u0161uje smernica 95\/46\/ES (v\u0161eobecn\u00e9 nariadenie o ochrane \u00fadajov) a na z\u00e1klade z\u00e1kona \u010d. 18\/2018 Z. z. o ochrane osobn\u00fdch \u00fadajov v znen\u00ed neskor\u0161\u00edch predpisov.<\/p><p><strong>3. Z\u00e1konn\u00e1 povinnos\u0165 sprac\u00favania osobn\u00fdch \u00fadajov:<\/strong><br \/>Sprac\u00favanie osobn\u00fdch \u00fadajov na z\u00e1klade osobit\u00e9ho pr\u00e1vneho predpisu sa nevykon\u00e1va.<\/p><p><strong>4. Zoznam osobn\u00fdch \u00fadajov:<\/strong><br \/>Osobn\u00e9 \u00fadaje v rozsahu: meno, priezvisko, e-mailov\u00e1 adresa.<\/p><p><strong>5. Dotknut\u00e9 osoby:<\/strong><br \/>Dotknut\u00fdmi osobami s\u00fa osoby, ktor\u00e9 sa rozhoduj\u00fa kontaktova\u0165 prev\u00e1dzkovate\u013ea.<\/p><p><strong>6. Lehoty ulo\u017eenia osobn\u00fdch \u00fadajov:<\/strong><br \/>Osobn\u00e9 \u00fadaje bud\u00fa uchov\u00e1van\u00e9 najviac po dobu 3 rokov.<\/p><p><strong>7. Opr\u00e1vnen\u00fd z\u00e1ujem prev\u00e1dzkovate\u013ea:<\/strong><br \/>Opr\u00e1vnen\u00fdm z\u00e1ujmom prev\u00e1dzkovate\u013ea je sp\u00e4tn\u00e9 kontaktovanie dotknut\u00fdch os\u00f4b.<\/p><p><strong>8. Postup osobn\u00fdch \u00fadajov do tret\u00edch kraj\u00edn:<\/strong><br \/>Osobn\u00e9 \u00fadaje sa do tret\u00edch kraj\u00edn neposkytuj\u00fa.<\/p><p><strong>9. Technick\u00e9 a organiza\u010dn\u00e9 bezpe\u010dnostn\u00e9 opatrenia:<\/strong><br \/>Organiza\u010dn\u00e9 a technick\u00e9 opatrenia na ochranu osobn\u00fdch \u00fadajov s\u00fa spracovan\u00e9 v intern\u00fdch predpisoch prev\u00e1dzkovate\u013ea. Bezpe\u010dnostn\u00e9 opatrenia s\u00fa vykon\u00e1van\u00e9 v oblastiach fyzickej a objektovej bezpe\u010dnosti, informa\u010dnej bezpe\u010dnosti, \u0161ifrovej ochrany inform\u00e1ci\u00ed, person\u00e1lnej, administrat\u00edvnej bezpe\u010dnosti a ochrany citliv\u00fdch inform\u00e1ci\u00ed, s presne definovan\u00fdmi pr\u00e1vomocami a povinnos\u0165ami uveden\u00fdmi v bezpe\u010dnostnej politike.<\/p><p><strong>10. Kateg\u00f3ria osobn\u00fdch \u00fadajov:<\/strong><br \/>Be\u017en\u00e9 osobn\u00e9 \u00fadaje.<\/p><p><strong>11. Zverej\u0148ovanie osobn\u00fdch \u00fadajov:<\/strong><br \/>Osobn\u00e9 \u00fadaje sa nezverej\u0148uj\u00fa.<\/p><p><strong>12. Automatizovan\u00e9 rozhodovanie vr\u00e1tane profilovania:<\/strong><br \/>Nevykon\u00e1va sa.<\/p><p><strong>13. Opr\u00e1vnen\u00fd subjekt:<\/strong><\/p><p>In\u00fd opr\u00e1vnen\u00fd subjekt Na z\u00e1klade \u010dl\u00e1nku 6 ods. 1 p\u00edsm. c) Nariadenia Eur\u00f3pskeho Parlamentu a Rady (E\u00da) 2016\/679 o ochrane fyzick\u00fdch os\u00f4b pri sprac\u00favan\u00ed osobn\u00fdch \u00fadajov a o vo\u013enom pohybe tak\u00fdchto \u00fadajov, ktor\u00fdm sa zru\u0161uje smernica 95\/46\/ES (v\u0161eobecn\u00e9 nariadenie o ochrane \u00fadajov), alebo \u00a7 78 ods. 1 z\u00e1kona \u010d. 18\/2018 o ochrane osobn\u00fdch \u00fadajov v znen\u00ed neskor\u0161\u00edch predpisov<\/p><p><strong>14. Pr\u00e1va dotknut\u00fdch os\u00f4b<\/strong><br \/>Dotknut\u00e1 osoba m\u00e1 pr\u00e1vo po\u017eadova\u0165 od prev\u00e1dzkovate\u013ea pr\u00edstup k\u202fosobn\u00fdm \u00fadajom, ktor\u00e9 s\u00fa o\u202fnej sprac\u00favan\u00e9, m\u00e1 pr\u00e1vo na opravu osobn\u00fdch \u00fadajov, pr\u00e1vo na vymazanie, alebo obmedzenie sprac\u00favania osobn\u00fdch \u00fadajov,\u202fpr\u00e1vo namieta\u0165\u202fvo\u010di sprac\u00favaniu osobn\u00fdch \u00fadajov, pr\u00e1vo na ne\u00fa\u010dinnos\u0165 automatizovan\u00e9ho individu\u00e1lneho rozhodovania vr\u00e1tane profilovania, pr\u00e1vo na prenosnos\u0165 osobn\u00fdch \u00fadajov, ako aj pr\u00e1vo poda\u0165 n\u00e1vrh na za\u010datie konania dozorn\u00e9mu org\u00e1nu. V\u202fpr\u00edpade ak prev\u00e1dzkovate\u013e sprac\u00fava osobn\u00e9 \u00fadaje na z\u00e1klade s\u00fahlasu dotknutej osoby, dotknut\u00e1 osoba m\u00e1 pr\u00e1vo kedyko\u013evek svoj s\u00fahlas so sprac\u00favan\u00edm osobn\u00fdch \u00fadajov odvola\u0165. Odvolanie s\u00fahlasu nem\u00e1 vplyv na z\u00e1konnos\u0165 sprac\u00favania osobn\u00fdch \u00fadajov zalo\u017een\u00e9ho na s\u00fahlase pred jeho odvolan\u00edm. Dotknut\u00e1 osoba m\u00f4\u017ee uplatni\u0165 svoje pr\u00e1va zaslan\u00edm emailu na adresu prev\u00e1dzkovate\u013ea, alebo p\u00edsomne na adresu prev\u00e1dzkovate\u013ea. \u202f\u202fVybavovanie pr\u00e1v dotknut\u00fdch os\u00f4b sa zabezpe\u010duje individu\u00e1lne prostredn\u00edctvom zodpovednej osoby spolo\u010dnosti Top privacy s.r.o., ktor\u00fa poveril prev\u00e1dzkovate\u013e doh\u013eadom na ochranu osobn\u00fdch \u00fadajov.<\/p>\t\t\t\t\t\t<\/div>\n\t\t\t\t<\/div>\n\t\t\t\t\t<\/div>\n\t\t<\/div>\n\t\t\t\t\t<\/div>\n\t\t<\/section>\n\t\t\t\t<\/div>\n\t\t","protected":false},"excerpt":{"rendered":"<p>\u00da\u010del sprac\u00favania osobn\u00fdch \u00fadajov marketing (s\u00fahlas) 1. \u00da\u010del sprac\u00favania osobn\u00fdch \u00fadajov: Osobn\u00e9 \u00fadaje sa sprac\u00favaj\u00fa za \u00fa\u010delom zasielania obchodn\u00fdch pon\u00fak, ktor\u00fdch \u00fa\u010delom je (napr\u00edklad) informovanie z\u00e1kazn\u00edka o novom tovare a slu\u017eb\u00e1ch prev\u00e1dzkovate\u013ea s cie\u013eom podpori\u0165 ich predajnos\u0165. Obchodn\u00e9 ponuky s\u00fa zasielan\u00e9 dotknut\u00fdm osob\u00e1m, ktor\u00e9 prev\u00e1dzkovate\u013eovi udelili svoj s\u00fahlas. 2. Z\u00e1konnos\u0165 sprac\u00favania osobn\u00fdch \u00fadajov: Osobn\u00e9 \u00fadaje [&hellip;]<\/p>\n","protected":false},"author":7,"featured_media":0,"parent":0,"menu_order":0,"comment_status":"closed","ping_status":"closed","template":"","meta":{"site-sidebar-layout":"no-sidebar","site-content-layout":"page-builder","ast-site-content-layout":"","site-content-style":"default","site-sidebar-style":"default","ast-global-header-display":"","ast-banner-title-visibility":"","ast-main-header-display":"","ast-hfb-above-header-display":"","ast-hfb-below-header-display":"","ast-hfb-mobile-header-display":"","site-post-title":"disabled","ast-breadcrumbs-content":"","ast-featured-img":"disabled","footer-sml-layout":"","theme-transparent-header-meta":"default","adv-header-id-meta":"","stick-header-meta":"","header-above-stick-meta":"","header-main-stick-meta":"","header-below-stick-meta":"","astra-migrate-meta-layouts":"set","ast-page-background-enabled":"default","ast-page-background-meta":{"desktop":{"background-color":"","background-image":"","background-repeat":"repeat","background-position":"center center","background-size":"auto","background-attachment":"scroll","background-type":"","background-media":"","overlay-type":"","overlay-color":"","overlay-gradient":""},"tablet":{"background-color":"","background-image":"","background-repeat":"repeat","background-position":"center center","background-size":"auto","background-attachment":"scroll","background-type":"","background-media":"","overlay-type":"","overlay-color":"","overlay-gradient":""},"mobile":{"background-color":"","background-image":"","background-repeat":"repeat","background-position":"center center","background-size":"auto","background-attachment":"scroll","background-type":"","background-media":"","overlay-type":"","overlay-color":"","overlay-gradient":""}},"ast-content-background-meta":{"desktop":{"background-color":"var(--ast-global-color-5)","background-image":"","background-repeat":"repeat","background-position":"center center","background-size":"auto","background-attachment":"scroll","background-type":"","background-media":"","overlay-type":"","overlay-color":"","overlay-gradient":""},"tablet":{"background-color":"var(--ast-global-color-5)","background-image":"","background-repeat":"repeat","background-position":"center center","background-size":"auto","background-attachment":"scroll","background-type":"","background-media":"","overlay-type":"","overlay-color":"","overlay-gradient":""},"mobile":{"background-color":"var(--ast-global-color-5)","background-image":"","background-repeat":"repeat","background-position":"center center","background-size":"auto","background-attachment":"scroll","background-type":"","background-media":"","overlay-type":"","overlay-color":"","overlay-gradient":""}},"footnotes":""},"acf":[],"_links":{"self":[{"href":"https:\/\/pharex.sk\/en\/wp-json\/wp\/v2\/pages\/3765"}],"collection":[{"href":"https:\/\/pharex.sk\/en\/wp-json\/wp\/v2\/pages"}],"about":[{"href":"https:\/\/pharex.sk\/en\/wp-json\/wp\/v2\/types\/page"}],"author":[{"embeddable":true,"href":"https:\/\/pharex.sk\/en\/wp-json\/wp\/v2\/users\/7"}],"replies":[{"embeddable":true,"href":"https:\/\/pharex.sk\/en\/wp-json\/wp\/v2\/comments?post=3765"}],"version-history":[{"count":2,"href":"https:\/\/pharex.sk\/en\/wp-json\/wp\/v2\/pages\/3765\/revisions"}],"predecessor-version":[{"id":3769,"href":"https:\/\/pharex.sk\/en\/wp-json\/wp\/v2\/pages\/3765\/revisions\/3769"}],"wp:attachment":[{"href":"https:\/\/pharex.sk\/en\/wp-json\/wp\/v2\/media?parent=3765"}],"curies":[{"name":"wp","href":"https:\/\/api.w.org\/{rel}","templated":true}]}}